{"id":3973,"date":"2024-01-04T02:06:35","date_gmt":"2024-01-04T02:06:35","guid":{"rendered":"https:\/\/yesexport.com.tr\/?page_id=3973"},"modified":"2024-01-24T01:48:25","modified_gmt":"2024-01-24T01:48:25","slug":"information-om-os","status":"publish","type":"page","link":"https:\/\/yesexport.com.tr\/da\/information-om-os\/","title":{"rendered":"Information Om Os"},"content":{"rendered":"[vc_row type=&#8221;full_width_content&#8221; full_screen_row_position=&#8221;middle&#8221; column_margin=&#8221;default&#8221; column_direction=&#8221;default&#8221; column_direction_tablet=&#8221;default&#8221; column_direction_phone=&#8221;default&#8221; scene_position=&#8221;center&#8221; text_color=&#8221;dark&#8221; text_align=&#8221;left&#8221; row_border_radius=&#8221;none&#8221; row_border_radius_applies=&#8221;bg&#8221; overflow=&#8221;visible&#8221; overlay_strength=&#8221;0.3&#8243; gradient_direction=&#8221;left_to_right&#8221; shape_divider_position=&#8221;bottom&#8221; bg_image_animation=&#8221;none&#8221; gradient_type=&#8221;default&#8221; shape_type=&#8221;&#8221;][vc_column column_padding=&#8221;no-extra-padding&#8221; column_padding_tablet=&#8221;inherit&#8221; column_padding_phone=&#8221;inherit&#8221; column_padding_position=&#8221;all&#8221; column_element_direction_desktop=&#8221;default&#8221; column_element_spacing=&#8221;default&#8221; desktop_text_alignment=&#8221;default&#8221; tablet_text_alignment=&#8221;default&#8221; phone_text_alignment=&#8221;default&#8221; background_color_opacity=&#8221;1&#8243; background_hover_color_opacity=&#8221;1&#8243; column_backdrop_filter=&#8221;none&#8221; column_shadow=&#8221;none&#8221; column_border_radius=&#8221;none&#8221; column_link_target=&#8221;_self&#8221; column_position=&#8221;default&#8221; gradient_direction=&#8221;left_to_right&#8221; overlay_strength=&#8221;0.3&#8243; width=&#8221;1\/1&#8243; tablet_width_inherit=&#8221;default&#8221; animation_type=&#8221;default&#8221; bg_image_animation=&#8221;none&#8221; border_type=&#8221;simple&#8221; column_border_width=&#8221;none&#8221; column_border_style=&#8221;solid&#8221;]\n\t\t\t<!-- START sayfa ici REVOLUTION SLIDER 6.6.18 --><p class=\"rs-p-wp-fix\"><\/p>\n\t\t\t<rs-module-wrap id=\"rev_slider_2_1_wrapper\" data-source=\"gallery\" style=\"visibility:hidden;background:transparent;padding:0;margin:0px auto;margin-top:0;margin-bottom:0;\">\n\t\t\t\t<rs-module id=\"rev_slider_2_1\" style=\"\" data-version=\"6.6.18\">\n\t\t\t\t\t<rs-slides style=\"overflow: hidden; position: absolute;\">\n\t\t\t\t\t\t<rs-slide style=\"position: absolute;\" data-key=\"rs-2\" data-title=\"Slide\" data-anim=\"ms:9000;\" data-in=\"o:0;\" data-out=\"a:false;\">\n\t\t\t\t\t\t\t<img decoding=\"async\" src=\"\/\/yesexport.com.tr\/wp-content\/plugins\/revslider\/public\/assets\/assets\/dummy.png\" alt=\"Slide\" title=\"Information Om Os\" class=\"rev-slidebg tp-rs-img rs-lazyload\" data-lazyload=\"\/\/yesexport.com.tr\/wp-content\/plugins\/revslider\/public\/assets\/assets\/transparent.png\" data-no-retina>\n<!--\n\t\t\t\t\t\t\t--><rs-layer\n\t\t\t\t\t\t\t\tid=\"slider-2-slide-2-layer-0\" \n\t\t\t\t\t\t\t\tdata-type=\"image\"\n\t\t\t\t\t\t\t\tdata-rsp_ch=\"on\"\n\t\t\t\t\t\t\t\tdata-xy=\"y:b;\"\n\t\t\t\t\t\t\t\tdata-text=\"w:normal;\"\n\t\t\t\t\t\t\t\tdata-dim=\"w:2560px;h:441px;\"\n\t\t\t\t\t\t\t\tdata-basealign=\"slide\"\n\t\t\t\t\t\t\t\tdata-frame_1=\"e:power4.inOut;sp:1500;\"\n\t\t\t\t\t\t\t\tdata-frame_999=\"o:0;st:w;sR:7500;\"\n\t\t\t\t\t\t\t\tdata-tloop=\"u:true;\"\n\t\t\t\t\t\t\t\tdata-loop_0=\"y:-10;\"\n\t\t\t\t\t\t\t\tdata-loop_999=\"y:10;sp:8000;e:sine.inOut;yym:t;\"\n\t\t\t\t\t\t\t\tstyle=\"z-index:6;\"\n\t\t\t\t\t\t\t><img decoding=\"async\" src=\"\/\/yesexport.com.tr\/wp-content\/plugins\/revslider\/public\/assets\/assets\/dummy.png\" alt=\"Sea and sky\" class=\"tp-rs-img rs-lazyload\" width=\"2560\" height=\"441\" data-lazyload=\"\/\/yesexport.com.tr\/wp-content\/uploads\/2024\/01\/2560x800-3.webp\" data-no-retina> \n\t\t\t\t\t\t\t<\/rs-layer><!--\n\n\t\t\t\t\t\t\t--><rs-layer\n\t\t\t\t\t\t\t\tid=\"slider-2-slide-2-layer-3\" \n\t\t\t\t\t\t\t\tdata-type=\"image\"\n\t\t\t\t\t\t\t\tdata-rsp_ch=\"on\"\n\t\t\t\t\t\t\t\tdata-xy=\"x:50px;y:50px;\"\n\t\t\t\t\t\t\t\tdata-text=\"w:normal;\"\n\t\t\t\t\t\t\t\tdata-dim=\"w:336px;h:134px;\"\n\t\t\t\t\t\t\t\tdata-frame_0=\"x:-200px;y:-50;\"\n\t\t\t\t\t\t\t\tdata-frame_1=\"st:1340;sp:3000;sR:1340;\"\n\t\t\t\t\t\t\t\tdata-frame_999=\"o:0;st:w;sR:4660;\"\n\t\t\t\t\t\t\t\tdata-loop_0=\"x:100px;y:-20px;\"\n\t\t\t\t\t\t\t\tdata-loop_999=\"y:10;sp:6000;yym:t;\"\n\t\t\t\t\t\t\t\tstyle=\"z-index:7;\"\n\t\t\t\t\t\t\t><img decoding=\"async\" src=\"\/\/yesexport.com.tr\/wp-content\/plugins\/revslider\/public\/assets\/assets\/dummy.png\" alt=\"\" class=\"tp-rs-img rs-lazyload\" width=\"800\" height=\"320\" data-lazyload=\"\/\/yesexport.com.tr\/wp-content\/uploads\/2024\/01\/plane.webp\" data-no-retina> \n\t\t\t\t\t\t\t<\/rs-layer><!--\n\n\t\t\t\t\t\t\t--><rs-layer\n\t\t\t\t\t\t\t\tid=\"slider-2-slide-2-layer-5\" \n\t\t\t\t\t\t\t\tdata-type=\"image\"\n\t\t\t\t\t\t\t\tdata-rsp_ch=\"on\"\n\t\t\t\t\t\t\t\tdata-xy=\"x:655px;y:269px;\"\n\t\t\t\t\t\t\t\tdata-text=\"w:normal;\"\n\t\t\t\t\t\t\t\tdata-dim=\"w:524px;h:109px;\"\n\t\t\t\t\t\t\t\tdata-frame_0=\"x:50;\"\n\t\t\t\t\t\t\t\tdata-frame_1=\"st:2690;sp:5000;sR:2690;\"\n\t\t\t\t\t\t\t\tdata-frame_999=\"o:0;st:w;sR:1310;\"\n\t\t\t\t\t\t\t\tdata-loop_0=\"x:50px;y:2px;\"\n\t\t\t\t\t\t\t\tdata-loop_999=\"sp:8000;st:1000;yym:t;\"\n\t\t\t\t\t\t\t\tstyle=\"z-index:8;\"\n\t\t\t\t\t\t\t><img decoding=\"async\" src=\"\/\/yesexport.com.tr\/wp-content\/plugins\/revslider\/public\/assets\/assets\/dummy.png\" alt=\"\" class=\"tp-rs-img rs-lazyload\" width=\"1000\" height=\"208\" data-lazyload=\"\/\/yesexport.com.tr\/wp-content\/uploads\/2024\/01\/ship-2.webp\" data-no-retina> \n\t\t\t\t\t\t\t<\/rs-layer><!--\n-->\t\t\t\t\t\t<\/rs-slide>\n\t\t\t\t\t<\/rs-slides>\n\t\t\t\t<\/rs-module>\n\t\t\t\t<script>\n\t\t\t\t\tsetREVStartSize({c: 'rev_slider_2_1',rl:[1240,1024,778,480],el:[420],gw:[1240],gh:[420],type:'hero',justify:'',layout:'fullwidth',mh:\"0\"});if (window.RS_MODULES!==undefined && window.RS_MODULES.modules!==undefined && window.RS_MODULES.modules[\"revslider21\"]!==undefined) {window.RS_MODULES.modules[\"revslider21\"].once = false;window.revapi2 = undefined;if (window.RS_MODULES.checkMinimal!==undefined) window.RS_MODULES.checkMinimal()}\n\t\t\t\t<\/script>\n\t\t\t<\/rs-module-wrap>\n\t\t\t<!-- END REVOLUTION SLIDER -->\n[\/vc_column][\/vc_row][vc_row type=&#8221;full_width_background&#8221; full_screen_row_position=&#8221;middle&#8221; column_margin=&#8221;default&#8221; column_direction=&#8221;default&#8221; column_direction_tablet=&#8221;default&#8221; column_direction_phone=&#8221;default&#8221; bg_image=&#8221;3682&#8243; bg_position=&#8221;left top&#8221; background_image_loading=&#8221;default&#8221; bg_repeat=&#8221;no-repeat&#8221; scene_position=&#8221;center&#8221; top_padding=&#8221;5%&#8221; bottom_padding=&#8221;5%&#8221; text_color=&#8221;light&#8221; text_align=&#8221;left&#8221; row_border_radius=&#8221;none&#8221; row_border_radius_applies=&#8221;bg&#8221; overflow=&#8221;visible&#8221; color_overlay=&#8221;rgba(10,10,10,0.67)&#8221; overlay_strength=&#8221;0.3&#8243; gradient_direction=&#8221;left_to_right&#8221; shape_divider_position=&#8221;bottom&#8221; bg_image_animation=&#8221;none&#8221; parallax_bg=&#8221;true&#8221; parallax_bg_speed=&#8221;fast&#8221; gradient_type=&#8221;default&#8221; shape_type=&#8221;&#8221;][vc_column column_padding=&#8221;no-extra-padding&#8221; column_padding_tablet=&#8221;inherit&#8221; column_padding_phone=&#8221;inherit&#8221; column_padding_position=&#8221;all&#8221; column_element_direction_desktop=&#8221;default&#8221; column_element_spacing=&#8221;default&#8221; desktop_text_alignment=&#8221;default&#8221; tablet_text_alignment=&#8221;default&#8221; phone_text_alignment=&#8221;default&#8221; background_color_opacity=&#8221;1&#8243; background_hover_color_opacity=&#8221;1&#8243; column_backdrop_filter=&#8221;none&#8221; column_shadow=&#8221;none&#8221; column_border_radius=&#8221;none&#8221; column_link_target=&#8221;_self&#8221; column_position=&#8221;default&#8221; gradient_direction=&#8221;left_to_right&#8221; overlay_strength=&#8221;0.3&#8243; width=&#8221;1\/1&#8243; tablet_width_inherit=&#8221;default&#8221; animation_type=&#8221;default&#8221; bg_image_animation=&#8221;none&#8221; border_type=&#8221;simple&#8221; column_border_width=&#8221;none&#8221; column_border_style=&#8221;solid&#8221;][vc_row_inner equal_height=&#8221;yes&#8221; content_placement=&#8221;middle&#8221; column_margin=&#8221;default&#8221; column_direction=&#8221;default&#8221; column_direction_tablet=&#8221;default&#8221; column_direction_phone=&#8221;default&#8221; text_align=&#8221;left&#8221; row_position=&#8221;default&#8221; row_position_tablet=&#8221;inherit&#8221; row_position_phone=&#8221;inherit&#8221; overflow=&#8221;visible&#8221; pointer_events=&#8221;all&#8221;][vc_column_inner column_padding=&#8221;no-extra-padding&#8221; column_padding_tablet=&#8221;inherit&#8221; column_padding_phone=&#8221;inherit&#8221; column_padding_position=&#8221;all&#8221; column_element_direction_desktop=&#8221;default&#8221; column_element_spacing=&#8221;default&#8221; desktop_text_alignment=&#8221;default&#8221; tablet_text_alignment=&#8221;default&#8221; phone_text_alignment=&#8221;default&#8221; background_color_opacity=&#8221;1&#8243; background_hover_color_opacity=&#8221;1&#8243; column_backdrop_filter=&#8221;none&#8221; column_shadow=&#8221;none&#8221; column_border_radius=&#8221;none&#8221; column_link_target=&#8221;_self&#8221; overflow=&#8221;visible&#8221; gradient_direction=&#8221;left_to_right&#8221; overlay_strength=&#8221;0.3&#8243; width=&#8221;1\/2&#8243; tablet_width_inherit=&#8221;default&#8221; animation_type=&#8221;default&#8221; bg_image_animation=&#8221;none&#8221; border_type=&#8221;simple&#8221; column_border_width=&#8221;none&#8221; column_border_style=&#8221;solid&#8221;][\/vc_column_inner][vc_column_inner column_padding=&#8221;padding-5-percent&#8221; column_padding_tablet=&#8221;inherit&#8221; column_padding_phone=&#8221;inherit&#8221; column_padding_position=&#8221;all&#8221; column_element_direction_desktop=&#8221;default&#8221; column_element_spacing=&#8221;default&#8221; desktop_text_alignment=&#8221;default&#8221; tablet_text_alignment=&#8221;default&#8221; phone_text_alignment=&#8221;default&#8221; background_color=&#8221;#ffffff&#8221; background_color_opacity=&#8221;0.8&#8243; background_hover_color_opacity=&#8221;1&#8243; column_backdrop_filter=&#8221;none&#8221; font_color=&#8221;#000000&#8243; column_shadow=&#8221;none&#8221; column_border_radius=&#8221;15px&#8221; column_link_target=&#8221;_self&#8221; overflow=&#8221;visible&#8221; gradient_direction=&#8221;left_to_right&#8221; overlay_strength=&#8221;0.3&#8243; width=&#8221;1\/2&#8243; tablet_width_inherit=&#8221;default&#8221; animation_type=&#8221;default&#8221; bg_image_animation=&#8221;none&#8221; border_type=&#8221;simple&#8221; column_border_width=&#8221;none&#8221; column_border_style=&#8221;solid&#8221; column_padding_type=&#8221;default&#8221; gradient_type=&#8221;default&#8221;][vc_custom_heading text=&#8221;Hvem Er Vi&#8221; font_container=&#8221;tag:h5|text_align:left|color:rgba(0%2C0%2C0%2C0.74)&#8221; use_theme_fonts=&#8221;yes&#8221; css_animation=&#8221;fadeInUp&#8221;][split_line_heading animation_type=&#8221;default&#8221; text_direction=&#8221;default&#8221;]\n<h2>Information Om Os<\/h2>\n[\/split_line_heading][vc_column_text text_direction=&#8221;default&#8221;]Vores firma ved navn Ye\u015filk\u00f6y D\u0131\u015f Ticaret A.\u015e blev etableret med det form\u00e5l at eksportere alle former for emballage og f\u00f8devarer til pizzeriaer og restauranter. Vi eksporterer hovedsageligt til skandinaviske lande og navnet p\u00e5 vores m\u00e6rke er \u201c<strong><span style=\"color: #2f9d5b;\">yes<\/span><span style=\"color: #000;\">export<\/span><\/strong>\u201d.<\/p>\n<p>Selskabets form\u00e5l er at sikre, at fysiske og juridiske personer bosat i europ\u00e6iske lande k\u00f8ber varer og tjenesteydelser i Tyrkiet korrekt og hensigtsm\u00e6ssigt i overensstemmelse med omkostninger og international kvalitet. Med dette form\u00e5l siden etableringen har virksomheden form\u00e5et at udvide sine aktiviteter til en bred vifte af varer og servicesektorer dag for dag.<\/p>\n<p><strong>Ye\u015filk\u00f6y D\u0131\u015f Tic.A.\u015e. <\/strong>[\/vc_column_text][divider line_type=&#8221;No Line&#8221; custom_height=&#8221;30px&#8221;][nectar_btn size=&#8221;large&#8221; button_style=&#8221;see-through-2&#8243; color_override=&#8221;#000000&#8243; hover_text_color_override=&#8221;#ffffff&#8221; icon_family=&#8221;none&#8221; url=&#8221;\/da\/kontaktoplysninger\/&#8221; text=&#8221;Kontakt Os&#8221; margin_top=&#8221;25&#8243; css_animation=&#8221;fadeInUp&#8221;][\/vc_column_inner][\/vc_row_inner][\/vc_column][\/vc_row]\n","protected":false},"excerpt":{"rendered":"<p>[vc_row type=&#8221;full_width_content&#8221; full_screen_row_position=&#8221;middle&#8221; column_margin=&#8221;default&#8221; column_direction=&#8221;default&#8221; column_direction_tablet=&#8221;default&#8221; column_direction_phone=&#8221;default&#8221; scene_position=&#8221;center&#8221; text_color=&#8221;dark&#8221; text_align=&#8221;left&#8221; row_border_radius=&#8221;none&#8221; row_border_radius_applies=&#8221;bg&#8221; overflow=&#8221;visible&#8221; overlay_strength=&#8221;0.3&#8243; gradient_direction=&#8221;left_to_right&#8221; shape_divider_position=&#8221;bottom&#8221; bg_image_animation=&#8221;none&#8221; gradient_type=&#8221;default&#8221; shape_type=&#8221;&#8221;][vc_column column_padding=&#8221;no-extra-padding&#8221; column_padding_tablet=&#8221;inherit&#8221; column_padding_phone=&#8221;inherit&#8221; column_padding_position=&#8221;all&#8221; column_element_direction_desktop=&#8221;default&#8221; column_element_spacing=&#8221;default&#8221; desktop_text_alignment=&#8221;default&#8221; tablet_text_alignment=&#8221;default&#8221; phone_text_alignment=&#8221;default&#8221; background_color_opacity=&#8221;1&#8243; background_hover_color_opacity=&#8221;1&#8243;&#8230;<\/p>\n","protected":false},"author":1,"featured_media":0,"parent":0,"menu_order":10,"comment_status":"open","ping_status":"open","template":"template-no-footer.php","meta":{"footnotes":""},"class_list":["post-3973","page","type-page","status-publish"],"yoast_head":"<!-- This site is optimized with the Yoast SEO plugin v27.1.1 - https:\/\/yoast.com\/product\/yoast-seo-wordpress\/ -->\n<title>Information Om Os - Yes Export<\/title>\n<meta name=\"description\" content=\"Vores firma ved navn Ye\u015filk\u00f6y D\u0131\u015f Ticaret A.\u015e blev etableret med det form\u00e5l at eksportere alle former for emballage og f\u00f8devarer til pizzeriaer og restauranter.\" \/>\n<meta name=\"robots\" content=\"index, follow, max-snippet:-1, max-image-preview:large, max-video-preview:-1\" \/>\n<link rel=\"canonical\" href=\"https:\/\/yesexport.com.tr\/da\/information-om-os\/\" \/>\n<meta property=\"og:locale\" content=\"da_DK\" \/>\n<meta property=\"og:type\" content=\"article\" \/>\n<meta property=\"og:title\" content=\"Information Om Os - Yes Export\" \/>\n<meta property=\"og:description\" content=\"Vores firma ved navn Ye\u015filk\u00f6y D\u0131\u015f Ticaret A.\u015e blev etableret med det form\u00e5l at eksportere alle former for emballage og f\u00f8devarer til pizzeriaer og restauranter.\" \/>\n<meta property=\"og:url\" content=\"https:\/\/yesexport.com.tr\/da\/information-om-os\/\" \/>\n<meta property=\"og:site_name\" content=\"Yes Export\" \/>\n<meta property=\"article:modified_time\" content=\"2024-01-24T01:48:25+00:00\" \/>\n<meta name=\"twitter:card\" content=\"summary_large_image\" \/>\n<meta name=\"twitter:label1\" content=\"Estimeret l\u00e6setid\" \/>\n\t<meta name=\"twitter:data1\" content=\"2 minutter\" \/>\n<script type=\"application\/ld+json\" class=\"yoast-schema-graph\">{\"@context\":\"https:\/\/schema.org\",\"@graph\":[{\"@type\":\"WebPage\",\"@id\":\"https:\/\/yesexport.com.tr\/da\/information-om-os\/\",\"url\":\"https:\/\/yesexport.com.tr\/da\/information-om-os\/\",\"name\":\"Information Om Os - Yes Export\",\"isPartOf\":{\"@id\":\"https:\/\/yesexport.com.tr\/da\/#website\"},\"datePublished\":\"2024-01-04T02:06:35+00:00\",\"dateModified\":\"2024-01-24T01:48:25+00:00\",\"description\":\"Vores firma ved navn Ye\u015filk\u00f6y D\u0131\u015f Ticaret A.\u015e blev etableret med det form\u00e5l at eksportere alle former for emballage og f\u00f8devarer til pizzeriaer og restauranter.\",\"breadcrumb\":{\"@id\":\"https:\/\/yesexport.com.tr\/da\/information-om-os\/#breadcrumb\"},\"inLanguage\":\"da-DK\",\"potentialAction\":[{\"@type\":\"ReadAction\",\"target\":[\"https:\/\/yesexport.com.tr\/da\/information-om-os\/\"]}]},{\"@type\":\"BreadcrumbList\",\"@id\":\"https:\/\/yesexport.com.tr\/da\/information-om-os\/#breadcrumb\",\"itemListElement\":[{\"@type\":\"ListItem\",\"position\":1,\"name\":\"Anasayfa\",\"item\":\"https:\/\/yesexport.com.tr\/da\/hjemmeside\/\"},{\"@type\":\"ListItem\",\"position\":2,\"name\":\"Information Om Os\"}]},{\"@type\":\"WebSite\",\"@id\":\"https:\/\/yesexport.com.tr\/da\/#website\",\"url\":\"https:\/\/yesexport.com.tr\/da\/\",\"name\":\"Yes Export\",\"description\":\"\",\"publisher\":{\"@id\":\"https:\/\/yesexport.com.tr\/da\/#organization\"},\"potentialAction\":[{\"@type\":\"SearchAction\",\"target\":{\"@type\":\"EntryPoint\",\"urlTemplate\":\"https:\/\/yesexport.com.tr\/da\/?s={search_term_string}\"},\"query-input\":{\"@type\":\"PropertyValueSpecification\",\"valueRequired\":true,\"valueName\":\"search_term_string\"}}],\"inLanguage\":\"da-DK\"},{\"@type\":\"Organization\",\"@id\":\"https:\/\/yesexport.com.tr\/da\/#organization\",\"name\":\"Yesilkoy Export\",\"url\":\"https:\/\/yesexport.com.tr\/da\/\",\"logo\":{\"@type\":\"ImageObject\",\"inLanguage\":\"da-DK\",\"@id\":\"https:\/\/yesexport.com.tr\/da\/#\/schema\/logo\/image\/\",\"url\":\"https:\/\/yesexport.com.tr\/wp-content\/uploads\/2024\/01\/logo-02.svg\",\"contentUrl\":\"https:\/\/yesexport.com.tr\/wp-content\/uploads\/2024\/01\/logo-02.svg\",\"width\":1,\"height\":1,\"caption\":\"Yesilkoy Export\"},\"image\":{\"@id\":\"https:\/\/yesexport.com.tr\/da\/#\/schema\/logo\/image\/\"}}]}<\/script>\n<!-- \/ Yoast SEO plugin. -->","yoast_head_json":{"title":"Information Om Os - Yes Export","description":"Vores firma ved navn Ye\u015filk\u00f6y D\u0131\u015f Ticaret A.\u015e blev etableret med det form\u00e5l at eksportere alle former for emballage og f\u00f8devarer til pizzeriaer og restauranter.","robots":{"index":"index","follow":"follow","max-snippet":"max-snippet:-1","max-image-preview":"max-image-preview:large","max-video-preview":"max-video-preview:-1"},"canonical":"https:\/\/yesexport.com.tr\/da\/information-om-os\/","og_locale":"da_DK","og_type":"article","og_title":"Information Om Os - Yes Export","og_description":"Vores firma ved navn Ye\u015filk\u00f6y D\u0131\u015f Ticaret A.\u015e blev etableret med det form\u00e5l at eksportere alle former for emballage og f\u00f8devarer til pizzeriaer og restauranter.","og_url":"https:\/\/yesexport.com.tr\/da\/information-om-os\/","og_site_name":"Yes Export","article_modified_time":"2024-01-24T01:48:25+00:00","twitter_card":"summary_large_image","twitter_misc":{"Estimeret l\u00e6setid":"2 minutter"},"schema":{"@context":"https:\/\/schema.org","@graph":[{"@type":"WebPage","@id":"https:\/\/yesexport.com.tr\/da\/information-om-os\/","url":"https:\/\/yesexport.com.tr\/da\/information-om-os\/","name":"Information Om Os - Yes Export","isPartOf":{"@id":"https:\/\/yesexport.com.tr\/da\/#website"},"datePublished":"2024-01-04T02:06:35+00:00","dateModified":"2024-01-24T01:48:25+00:00","description":"Vores firma ved navn Ye\u015filk\u00f6y D\u0131\u015f Ticaret A.\u015e blev etableret med det form\u00e5l at eksportere alle former for emballage og f\u00f8devarer til pizzeriaer og restauranter.","breadcrumb":{"@id":"https:\/\/yesexport.com.tr\/da\/information-om-os\/#breadcrumb"},"inLanguage":"da-DK","potentialAction":[{"@type":"ReadAction","target":["https:\/\/yesexport.com.tr\/da\/information-om-os\/"]}]},{"@type":"BreadcrumbList","@id":"https:\/\/yesexport.com.tr\/da\/information-om-os\/#breadcrumb","itemListElement":[{"@type":"ListItem","position":1,"name":"Anasayfa","item":"https:\/\/yesexport.com.tr\/da\/hjemmeside\/"},{"@type":"ListItem","position":2,"name":"Information Om Os"}]},{"@type":"WebSite","@id":"https:\/\/yesexport.com.tr\/da\/#website","url":"https:\/\/yesexport.com.tr\/da\/","name":"Yes Export","description":"","publisher":{"@id":"https:\/\/yesexport.com.tr\/da\/#organization"},"potentialAction":[{"@type":"SearchAction","target":{"@type":"EntryPoint","urlTemplate":"https:\/\/yesexport.com.tr\/da\/?s={search_term_string}"},"query-input":{"@type":"PropertyValueSpecification","valueRequired":true,"valueName":"search_term_string"}}],"inLanguage":"da-DK"},{"@type":"Organization","@id":"https:\/\/yesexport.com.tr\/da\/#organization","name":"Yesilkoy Export","url":"https:\/\/yesexport.com.tr\/da\/","logo":{"@type":"ImageObject","inLanguage":"da-DK","@id":"https:\/\/yesexport.com.tr\/da\/#\/schema\/logo\/image\/","url":"https:\/\/yesexport.com.tr\/wp-content\/uploads\/2024\/01\/logo-02.svg","contentUrl":"https:\/\/yesexport.com.tr\/wp-content\/uploads\/2024\/01\/logo-02.svg","width":1,"height":1,"caption":"Yesilkoy Export"},"image":{"@id":"https:\/\/yesexport.com.tr\/da\/#\/schema\/logo\/image\/"}}]}},"_links":{"self":[{"href":"https:\/\/yesexport.com.tr\/da\/wp-json\/wp\/v2\/pages\/3973","targetHints":{"allow":["GET"]}}],"collection":[{"href":"https:\/\/yesexport.com.tr\/da\/wp-json\/wp\/v2\/pages"}],"about":[{"href":"https:\/\/yesexport.com.tr\/da\/wp-json\/wp\/v2\/types\/page"}],"author":[{"embeddable":true,"href":"https:\/\/yesexport.com.tr\/da\/wp-json\/wp\/v2\/users\/1"}],"replies":[{"embeddable":true,"href":"https:\/\/yesexport.com.tr\/da\/wp-json\/wp\/v2\/comments?post=3973"}],"version-history":[{"count":0,"href":"https:\/\/yesexport.com.tr\/da\/wp-json\/wp\/v2\/pages\/3973\/revisions"}],"wp:attachment":[{"href":"https:\/\/yesexport.com.tr\/da\/wp-json\/wp\/v2\/media?parent=3973"}],"curies":[{"name":"wp","href":"https:\/\/api.w.org\/{rel}","templated":true}]}}